{"id":361,"date":"2022-01-23T17:35:26","date_gmt":"2022-01-23T16:35:26","guid":{"rendered":"https:\/\/www.reformasdenia.site\/?page_id=361"},"modified":"2022-02-07T23:13:56","modified_gmt":"2022-02-07T22:13:56","slug":"proyecto-andres-munoz","status":"publish","type":"page","link":"https:\/\/www.reformasdenia.site\/index.php\/proyecto-andres-munoz\/","title":{"rendered":"Proyecto Andr\u00e9s Mu\u00f1oz"},"content":{"rendered":"\t\t<div data-elementor-type=\"wp-page\" data-elementor-id=\"361\" class=\"elementor elementor-361\" data-elementor-settings=\"[]\">\n\t\t\t\t\t\t\t<div class=\"elementor-section-wrap\">\n\t\t\t\t\t\t\t<section class=\"elementor-section elementor-top-section elementor-element elementor-element-c76e1bb elementor-section-full_width elementor-section-height-default elementor-section-height-default\" data-id=\"c76e1bb\" data-element_type=\"section\">\n\t\t\t\t\t\t<div class=\"elementor-container elementor-column-gap-no\">\n\t\t\t\t\t<div class=\"elementor-column elementor-col-100 elementor-top-column elementor-element elementor-element-640c52c2\" data-id=\"640c52c2\" data-element_type=\"column\">\n\t\t\t<div class=\"elementor-widget-wrap elementor-element-populated\">\n\t\t\t\t\t\t\t\t<section class=\"elementor-section elementor-inner-section elementor-element elementor-element-5338cc1f elementor-section-boxed elementor-section-height-default elementor-section-height-default\" data-id=\"5338cc1f\" data-element_type=\"section\">\n\t\t\t\t\t\t<div class=\"elementor-container elementor-column-gap-default\">\n\t\t\t\t\t<div class=\"elementor-column elementor-col-100 elementor-inner-column elementor-element elementor-element-798ba699\" data-id=\"798ba699\" data-element_type=\"column\">\n\t\t\t<div class=\"elementor-widget-wrap elementor-element-populated\">\n\t\t\t\t\t\t\t\t<div class=\"elementor-element elementor-element-2f71c65e elementor-invisible elementor-widget elementor-widget-heading\" data-id=\"2f71c65e\" data-element_type=\"widget\" data-settings=\"{&quot;_animation&quot;:&quot;fadeInUp&quot;,&quot;_animation_delay&quot;:300}\" data-widget_type=\"heading.default\">\n\t\t\t\t<div class=\"elementor-widget-container\">\n\t\t\t<style>\/*! elementor - v3.5.5 - 03-02-2022 *\/\n.elementor-heading-title{padding:0;margin:0;line-height:1}.elementor-widget-heading .elementor-heading-title[class*=elementor-size-]>a{color:inherit;font-size:inherit;line-height:inherit}.elementor-widget-heading .elementor-heading-title.elementor-size-small{font-size:15px}.elementor-widget-heading .elementor-heading-title.elementor-size-medium{font-size:19px}.elementor-widget-heading .elementor-heading-title.elementor-size-large{font-size:29px}.elementor-widget-heading .elementor-heading-title.elementor-size-xl{font-size:39px}.elementor-widget-heading .elementor-heading-title.elementor-size-xxl{font-size:59px}<\/style><h1 class=\"elementor-heading-title elementor-size-default\">Reforma cocina <\/h1>\t\t<\/div>\n\t\t\t\t<\/div>\n\t\t\t\t\t<\/div>\n\t\t<\/div>\n\t\t\t\t\t\t\t<\/div>\n\t\t<\/section>\n\t\t\t\t<section class=\"elementor-section elementor-inner-section elementor-element elementor-element-6d8fd5a2 elementor-section-height-min-height elementor-section-boxed elementor-section-height-default\" data-id=\"6d8fd5a2\" data-element_type=\"section\">\n\t\t\t\t\t\t<div class=\"elementor-container elementor-column-gap-default\">\n\t\t\t\t\t<div class=\"elementor-column elementor-col-100 elementor-inner-column elementor-element elementor-element-7169a3e9\" data-id=\"7169a3e9\" data-element_type=\"column\">\n\t\t\t<div class=\"elementor-widget-wrap elementor-element-populated\">\n\t\t\t\t\t\t\t\t<div class=\"elementor-element elementor-element-3e5cb0e0 elementor-invisible elementor-widget elementor-widget-heading\" data-id=\"3e5cb0e0\" data-element_type=\"widget\" data-settings=\"{&quot;_animation&quot;:&quot;fadeInUp&quot;,&quot;_animation_delay&quot;:500}\" data-widget_type=\"heading.default\">\n\t\t\t\t<div class=\"elementor-widget-container\">\n\t\t\t<h2 class=\"elementor-heading-title elementor-size-default\">Peque\u00f1a y funcional.<\/h2>\t\t<\/div>\n\t\t\t\t<\/div>\n\t\t\t\t<div class=\"elementor-element elementor-element-5161c89d elementor-invisible elementor-widget elementor-widget-text-editor\" data-id=\"5161c89d\" data-element_type=\"widget\" data-settings=\"{&quot;_animation&quot;:&quot;fadeInUp&quot;,&quot;_animation_delay&quot;:500}\" data-widget_type=\"text-editor.default\">\n\t\t\t\t<div class=\"elementor-widget-container\">\n\t\t\t<style>\/*! elementor - v3.5.5 - 03-02-2022 *\/\n.elementor-widget-text-editor.elementor-drop-cap-view-stacked .elementor-drop-cap{background-color:#818a91;color:#fff}.elementor-widget-text-editor.elementor-drop-cap-view-framed .elementor-drop-cap{color:#818a91;border:3px solid;background-color:transparent}.elementor-widget-text-editor:not(.elementor-drop-cap-view-default) .elementor-drop-cap{margin-top:8px}.elementor-widget-text-editor:not(.elementor-drop-cap-view-default) .elementor-drop-cap-letter{width:1em;height:1em}.elementor-widget-text-editor .elementor-drop-cap{float:left;text-align:center;line-height:1;font-size:50px}.elementor-widget-text-editor .elementor-drop-cap-letter{display:inline-block}<\/style>\t\t\t\t<p>Esta cocina es un claro ejemplo de c\u00f3mo el dise\u00f1o debe <strong>adaptarse a las necesidades y situaci\u00f3n<\/strong> de cada cliente.<\/p><p>La soluci\u00f3n para su distribuci\u00f3n est\u00e1 condicionada por sus reducidas dimensiones y un ajustado presupuesto.<\/p>\t\t\t\t\t\t<\/div>\n\t\t\t\t<\/div>\n\t\t\t\t\t<\/div>\n\t\t<\/div>\n\t\t\t\t\t\t\t<\/div>\n\t\t<\/section>\n\t\t\t\t\t<\/div>\n\t\t<\/div>\n\t\t\t\t\t\t\t<\/div>\n\t\t<\/section>\n\t\t\t\t<section class=\"elementor-section elementor-top-section elementor-element elementor-element-5e53607a elementor-section-boxed elementor-section-height-default elementor-section-height-default\" data-id=\"5e53607a\" data-element_type=\"section\">\n\t\t\t\t\t\t<div class=\"elementor-container elementor-column-gap-wider\">\n\t\t\t\t\t<div class=\"elementor-column elementor-col-50 elementor-top-column elementor-element elementor-element-979f431\" data-id=\"979f431\" data-element_type=\"column\">\n\t\t\t<div class=\"elementor-widget-wrap elementor-element-populated\">\n\t\t\t\t\t\t\t\t<div class=\"elementor-element elementor-element-5d8fbe1f elementor-widget-divider--view-line elementor-widget elementor-widget-divider\" data-id=\"5d8fbe1f\" data-element_type=\"widget\" data-widget_type=\"divider.default\">\n\t\t\t\t<div class=\"elementor-widget-container\">\n\t\t\t<style>\/*! elementor - v3.5.5 - 03-02-2022 *\/\n.elementor-widget-divider{--divider-border-style:none;--divider-border-width:1px;--divider-color:#2c2c2c;--divider-icon-size:20px;--divider-element-spacing:10px;--divider-pattern-height:24px;--divider-pattern-size:20px;--divider-pattern-url:none;--divider-pattern-repeat:repeat-x}.elementor-widget-divider .elementor-divider{display:-webkit-box;display:-ms-flexbox;display:flex}.elementor-widget-divider .elementor-divider__text{font-size:15px;line-height:1;max-width:95%}.elementor-widget-divider .elementor-divider__element{margin:0 var(--divider-element-spacing);-ms-flex-negative:0;flex-shrink:0}.elementor-widget-divider .elementor-icon{font-size:var(--divider-icon-size)}.elementor-widget-divider .elementor-divider-separator{display:-webkit-box;display:-ms-flexbox;display:flex;margin:0;direction:ltr}.elementor-widget-divider--view-line_icon .elementor-divider-separator,.elementor-widget-divider--view-line_text .elementor-divider-separator{-webkit-box-align:center;-ms-flex-align:center;align-items:center}.elementor-widget-divider--view-line_icon .elementor-divider-separator:after,.elementor-widget-divider--view-line_icon .elementor-divider-separator:before,.elementor-widget-divider--view-line_text .elementor-divider-separator:after,.elementor-widget-divider--view-line_text .elementor-divider-separator:before{display:block;content:\"\";border-bottom:0;-webkit-box-flex:1;-ms-flex-positive:1;flex-grow:1;border-top:var(--divider-border-width) var(--divider-border-style) var(--divider-color)}.elementor-widget-divider--element-align-left .elementor-divider .elementor-divider-separator>.elementor-divider__svg:first-of-type{-webkit-box-flex:0;-ms-flex-positive:0;flex-grow:0;-ms-flex-negative:100;flex-shrink:100}.elementor-widget-divider--element-align-left .elementor-divider-separator:before{content:none}.elementor-widget-divider--element-align-left .elementor-divider__element{margin-left:0}.elementor-widget-divider--element-align-right .elementor-divider .elementor-divider-separator>.elementor-divider__svg:last-of-type{-webkit-box-flex:0;-ms-flex-positive:0;flex-grow:0;-ms-flex-negative:100;flex-shrink:100}.elementor-widget-divider--element-align-right .elementor-divider-separator:after{content:none}.elementor-widget-divider--element-align-right .elementor-divider__element{margin-right:0}.elementor-widget-divider:not(.elementor-widget-divider--view-line_text):not(.elementor-widget-divider--view-line_icon) .elementor-divider-separator{border-top:var(--divider-border-width) var(--divider-border-style) var(--divider-color)}.elementor-widget-divider--separator-type-pattern{--divider-border-style:none}.elementor-widget-divider--separator-type-pattern.elementor-widget-divider--view-line .elementor-divider-separator,.elementor-widget-divider--separator-type-pattern:not(.elementor-widget-divider--view-line) .elementor-divider-separator:after,.elementor-widget-divider--separator-type-pattern:not(.elementor-widget-divider--view-line) .elementor-divider-separator:before,.elementor-widget-divider--separator-type-pattern:not([class*=elementor-widget-divider--view]) .elementor-divider-separator{width:100%;min-height:var(--divider-pattern-height);-webkit-mask-size:var(--divider-pattern-size) 100%;mask-size:var(--divider-pattern-size) 100%;-webkit-mask-repeat:var(--divider-pattern-repeat);mask-repeat:var(--divider-pattern-repeat);background-color:var(--divider-color);-webkit-mask-image:var(--divider-pattern-url);mask-image:var(--divider-pattern-url)}.elementor-widget-divider--no-spacing{--divider-pattern-size:auto}.elementor-widget-divider--bg-round{--divider-pattern-repeat:round}.rtl .elementor-widget-divider .elementor-divider__text{direction:rtl}<\/style>\t\t<div class=\"elementor-divider\">\n\t\t\t<span class=\"elementor-divider-separator\">\n\t\t\t\t\t\t<\/span>\n\t\t<\/div>\n\t\t\t\t<\/div>\n\t\t\t\t<\/div>\n\t\t\t\t<div class=\"elementor-element elementor-element-3f3041be elementor-widget elementor-widget-text-editor\" data-id=\"3f3041be\" data-element_type=\"widget\" data-widget_type=\"text-editor.default\">\n\t\t\t\t<div class=\"elementor-widget-container\">\n\t\t\t\t\t\t\t<p>La peque\u00f1a vivienda de obra nueva es la primera para sus propietarios, un joven matrimonio con dos ni\u00f1os por lo que se parte de la idea de potenciar al m\u00e1ximo la <strong>funcionalidad, almacenamiento<\/strong> y sobre todo la <strong>practicidad. \u00a0<\/strong><\/p>\t\t\t\t\t\t<\/div>\n\t\t\t\t<\/div>\n\t\t\t\t\t<\/div>\n\t\t<\/div>\n\t\t\t\t<div class=\"elementor-column elementor-col-50 elementor-top-column elementor-element elementor-element-72a310fe\" data-id=\"72a310fe\" data-element_type=\"column\">\n\t\t\t<div class=\"elementor-widget-wrap elementor-element-populated\">\n\t\t\t\t\t\t\t\t<div class=\"elementor-element elementor-element-68bed8bd elementor-widget elementor-widget-image\" data-id=\"68bed8bd\" data-element_type=\"widget\" data-widget_type=\"image.default\">\n\t\t\t\t<div class=\"elementor-widget-container\">\n\t\t\t<style>\/*! elementor - v3.5.5 - 03-02-2022 *\/\n.elementor-widget-image{text-align:center}.elementor-widget-image a{display:inline-block}.elementor-widget-image a img[src$=\".svg\"]{width:48px}.elementor-widget-image img{vertical-align:middle;display:inline-block}<\/style>\t\t\t\t\t\t\t\t\t\t\t\t<img loading=\"lazy\" decoding=\"async\" width=\"800\" height=\"601\" src=\"https:\/\/www.reformasdenia.site\/wp-content\/uploads\/2022\/01\/silvi-1-compr-01-1024x769.jpeg\" class=\"elementor-animation-hang attachment-large size-large\" alt=\"\" srcset=\"https:\/\/www.reformasdenia.site\/wp-content\/uploads\/2022\/01\/silvi-1-compr-01-1024x769.jpeg 1024w, https:\/\/www.reformasdenia.site\/wp-content\/uploads\/2022\/01\/silvi-1-compr-01-300x225.jpeg 300w, https:\/\/www.reformasdenia.site\/wp-content\/uploads\/2022\/01\/silvi-1-compr-01-768x576.jpeg 768w, https:\/\/www.reformasdenia.site\/wp-content\/uploads\/2022\/01\/silvi-1-compr-01-1536x1153.jpeg 1536w, https:\/\/www.reformasdenia.site\/wp-content\/uploads\/2022\/01\/silvi-1-compr-01.jpeg 2048w\" sizes=\"auto, (max-width: 800px) 100vw, 800px\" \/>\t\t\t\t\t\t\t\t\t\t\t\t\t\t\t<\/div>\n\t\t\t\t<\/div>\n\t\t\t\t\t<\/div>\n\t\t<\/div>\n\t\t\t\t\t\t\t<\/div>\n\t\t<\/section>\n\t\t\t\t<section class=\"elementor-section elementor-top-section elementor-element elementor-element-76e1c1c4 elementor-section-boxed elementor-section-height-default elementor-section-height-default\" data-id=\"76e1c1c4\" data-element_type=\"section\">\n\t\t\t\t\t\t<div class=\"elementor-container elementor-column-gap-wider\">\n\t\t\t\t\t<div class=\"elementor-column elementor-col-50 elementor-top-column elementor-element elementor-element-2c096482\" data-id=\"2c096482\" data-element_type=\"column\">\n\t\t\t<div class=\"elementor-widget-wrap elementor-element-populated\">\n\t\t\t\t\t\t\t\t<div class=\"elementor-element elementor-element-2dbce347 elementor-widget elementor-widget-image\" data-id=\"2dbce347\" data-element_type=\"widget\" data-widget_type=\"image.default\">\n\t\t\t\t<div class=\"elementor-widget-container\">\n\t\t\t\t\t\t\t\t\t\t\t\t\t\t\t<img decoding=\"async\" src=\"https:\/\/www.reformasdenia.site\/wp-content\/uploads\/elementor\/thumbs\/silvi-2-compr-01-pjhyx2skxs5k6lk06qqqn6idgd2679mb9xvez49jzk.jpeg\" title=\"silvi 2 compr-01\" alt=\"silvi 2 compr-01\" class=\"elementor-animation-hang\" \/>\t\t\t\t\t\t\t\t\t\t\t\t\t\t\t<\/div>\n\t\t\t\t<\/div>\n\t\t\t\t\t<\/div>\n\t\t<\/div>\n\t\t\t\t<div class=\"elementor-column elementor-col-50 elementor-top-column elementor-element elementor-element-4454c146\" data-id=\"4454c146\" data-element_type=\"column\">\n\t\t\t<div class=\"elementor-widget-wrap elementor-element-populated\">\n\t\t\t\t\t\t\t\t<div class=\"elementor-element elementor-element-3b130367 elementor-widget-divider--view-line elementor-widget elementor-widget-divider\" data-id=\"3b130367\" data-element_type=\"widget\" data-widget_type=\"divider.default\">\n\t\t\t\t<div class=\"elementor-widget-container\">\n\t\t\t\t\t<div class=\"elementor-divider\">\n\t\t\t<span class=\"elementor-divider-separator\">\n\t\t\t\t\t\t<\/span>\n\t\t<\/div>\n\t\t\t\t<\/div>\n\t\t\t\t<\/div>\n\t\t\t\t<div class=\"elementor-element elementor-element-58f0551d elementor-widget elementor-widget-text-editor\" data-id=\"58f0551d\" data-element_type=\"widget\" data-widget_type=\"text-editor.default\">\n\t\t\t\t<div class=\"elementor-widget-container\">\n\t\t\t\t\t\t\t<p>Tanto la bancada como el mobiliario deb\u00edan resultar f\u00e1ciles de limpiar y ofrecer <strong>resistencia al rayado<\/strong>, por lo que en detrimento del color blanco para dar m\u00e1s amplitud, se opta por muebles de melamina en un color \u201cm\u00e1s sufrido\u201d.<\/p><p>Se trabaja con una <strong>paleta<\/strong> <strong>crom\u00e1tica<\/strong> que combina gris oscuro en los muebles bajos y gris claro en el lineal superior y en la semi columna donde se ubica la caldera y los productos de limpieza.<\/p><p>Se genera as\u00ed un peque\u00f1o pero elegante espacio, salvaguardado por la profundidad y dureza que le confiere la <strong>bancada de granito nacional del modelo blanco cristal.<\/strong><\/p>\t\t\t\t\t\t<\/div>\n\t\t\t\t<\/div>\n\t\t\t\t\t<\/div>\n\t\t<\/div>\n\t\t\t\t\t\t\t<\/div>\n\t\t<\/section>\n\t\t\t\t\t\t<\/div>\n\t\t\t\t\t<\/div>\n\t\t","protected":false},"excerpt":{"rendered":"<p>Reforma cocina Peque\u00f1a y funcional. Esta cocina es un claro ejemplo de c\u00f3mo el dise\u00f1o debe adaptarse a las necesidades y situaci\u00f3n de cada cliente. La soluci\u00f3n para su distribuci\u00f3n est\u00e1 condicionada por sus reducidas dimensiones y un ajustado presupuesto. La peque\u00f1a vivienda de obra nueva es la primera para sus propietarios, un joven matrimonio [&hellip;]<\/p>\n","protected":false},"author":1,"featured_media":0,"parent":0,"menu_order":0,"comment_status":"closed","ping_status":"closed","template":"elementor_header_footer","meta":{"footnotes":""},"class_list":["post-361","page","type-page","status-publish","hentry"],"yoast_head":"<!-- This site is optimized with the Yoast SEO plugin v18.0 - https:\/\/yoast.com\/wordpress\/plugins\/seo\/ -->\n<title>Proyecto Andr\u00e9s Mu\u00f1oz - Mi blog<\/title>\n<meta name=\"robots\" content=\"index, follow, max-snippet:-1, max-image-preview:large, max-video-preview:-1\" \/>\n<link rel=\"canonical\" href=\"https:\/\/www.reformasdenia.site\/index.php\/proyecto-andres-munoz\/\" \/>\n<meta property=\"og:locale\" content=\"en_US\" \/>\n<meta property=\"og:type\" content=\"article\" \/>\n<meta property=\"og:title\" content=\"Proyecto Andr\u00e9s Mu\u00f1oz - Mi blog\" \/>\n<meta property=\"og:description\" content=\"Reforma cocina Peque\u00f1a y funcional. Esta cocina es un claro ejemplo de c\u00f3mo el dise\u00f1o debe adaptarse a las necesidades y situaci\u00f3n de cada cliente. La soluci\u00f3n para su distribuci\u00f3n est\u00e1 condicionada por sus reducidas dimensiones y un ajustado presupuesto. La peque\u00f1a vivienda de obra nueva es la primera para sus propietarios, un joven matrimonio [&hellip;]\" \/>\n<meta property=\"og:url\" content=\"https:\/\/www.reformasdenia.site\/index.php\/proyecto-andres-munoz\/\" \/>\n<meta property=\"og:site_name\" content=\"Mi blog\" \/>\n<meta property=\"article:modified_time\" content=\"2022-02-07T22:13:56+00:00\" \/>\n<meta property=\"og:image\" content=\"https:\/\/www.reformasdenia.site\/wp-content\/uploads\/2022\/01\/silvi-1-compr-01-1024x769.jpeg\" \/>\n<meta name=\"twitter:card\" content=\"summary_large_image\" \/>\n<meta name=\"twitter:label1\" content=\"Est. reading time\" \/>\n\t<meta name=\"twitter:data1\" content=\"2 minutes\" \/>\n<script type=\"application\/ld+json\" class=\"yoast-schema-graph\">{\"@context\":\"https:\/\/schema.org\",\"@graph\":[{\"@type\":\"WebSite\",\"@id\":\"https:\/\/www.reformasdenia.site\/#website\",\"url\":\"https:\/\/www.reformasdenia.site\/\",\"name\":\"Mi blog\",\"description\":\"Otro sitio realizado con WordPress\",\"potentialAction\":[{\"@type\":\"SearchAction\",\"target\":{\"@type\":\"EntryPoint\",\"urlTemplate\":\"https:\/\/www.reformasdenia.site\/?s={search_term_string}\"},\"query-input\":\"required name=search_term_string\"}],\"inLanguage\":\"en-US\"},{\"@type\":\"ImageObject\",\"@id\":\"https:\/\/www.reformasdenia.site\/index.php\/proyecto-andres-munoz\/#primaryimage\",\"inLanguage\":\"en-US\",\"url\":\"https:\/\/www.reformasdenia.site\/wp-content\/uploads\/2022\/01\/silvi-1-compr-01.jpeg\",\"contentUrl\":\"https:\/\/www.reformasdenia.site\/wp-content\/uploads\/2022\/01\/silvi-1-compr-01.jpeg\",\"width\":2048,\"height\":1537},{\"@type\":\"WebPage\",\"@id\":\"https:\/\/www.reformasdenia.site\/index.php\/proyecto-andres-munoz\/#webpage\",\"url\":\"https:\/\/www.reformasdenia.site\/index.php\/proyecto-andres-munoz\/\",\"name\":\"Proyecto Andr\u00e9s Mu\u00f1oz - Mi blog\",\"isPartOf\":{\"@id\":\"https:\/\/www.reformasdenia.site\/#website\"},\"primaryImageOfPage\":{\"@id\":\"https:\/\/www.reformasdenia.site\/index.php\/proyecto-andres-munoz\/#primaryimage\"},\"datePublished\":\"2022-01-23T16:35:26+00:00\",\"dateModified\":\"2022-02-07T22:13:56+00:00\",\"breadcrumb\":{\"@id\":\"https:\/\/www.reformasdenia.site\/index.php\/proyecto-andres-munoz\/#breadcrumb\"},\"inLanguage\":\"en-US\",\"potentialAction\":[{\"@type\":\"ReadAction\",\"target\":[\"https:\/\/www.reformasdenia.site\/index.php\/proyecto-andres-munoz\/\"]}]},{\"@type\":\"BreadcrumbList\",\"@id\":\"https:\/\/www.reformasdenia.site\/index.php\/proyecto-andres-munoz\/#breadcrumb\",\"itemListElement\":[{\"@type\":\"ListItem\",\"position\":1,\"name\":\"Home\",\"item\":\"https:\/\/www.reformasdenia.site\/\"},{\"@type\":\"ListItem\",\"position\":2,\"name\":\"Proyecto Andr\u00e9s Mu\u00f1oz\"}]}]}<\/script>\n<!-- \/ Yoast SEO plugin. -->","yoast_head_json":{"title":"Proyecto Andr\u00e9s Mu\u00f1oz - Mi blog","robots":{"index":"index","follow":"follow","max-snippet":"max-snippet:-1","max-image-preview":"max-image-preview:large","max-video-preview":"max-video-preview:-1"},"canonical":"https:\/\/www.reformasdenia.site\/index.php\/proyecto-andres-munoz\/","og_locale":"en_US","og_type":"article","og_title":"Proyecto Andr\u00e9s Mu\u00f1oz - Mi blog","og_description":"Reforma cocina Peque\u00f1a y funcional. Esta cocina es un claro ejemplo de c\u00f3mo el dise\u00f1o debe adaptarse a las necesidades y situaci\u00f3n de cada cliente. La soluci\u00f3n para su distribuci\u00f3n est\u00e1 condicionada por sus reducidas dimensiones y un ajustado presupuesto. La peque\u00f1a vivienda de obra nueva es la primera para sus propietarios, un joven matrimonio [&hellip;]","og_url":"https:\/\/www.reformasdenia.site\/index.php\/proyecto-andres-munoz\/","og_site_name":"Mi blog","article_modified_time":"2022-02-07T22:13:56+00:00","og_image":[{"url":"https:\/\/www.reformasdenia.site\/wp-content\/uploads\/2022\/01\/silvi-1-compr-01-1024x769.jpeg"}],"twitter_card":"summary_large_image","twitter_misc":{"Est. reading time":"2 minutes"},"schema":{"@context":"https:\/\/schema.org","@graph":[{"@type":"WebSite","@id":"https:\/\/www.reformasdenia.site\/#website","url":"https:\/\/www.reformasdenia.site\/","name":"Mi blog","description":"Otro sitio realizado con WordPress","potentialAction":[{"@type":"SearchAction","target":{"@type":"EntryPoint","urlTemplate":"https:\/\/www.reformasdenia.site\/?s={search_term_string}"},"query-input":"required name=search_term_string"}],"inLanguage":"en-US"},{"@type":"ImageObject","@id":"https:\/\/www.reformasdenia.site\/index.php\/proyecto-andres-munoz\/#primaryimage","inLanguage":"en-US","url":"https:\/\/www.reformasdenia.site\/wp-content\/uploads\/2022\/01\/silvi-1-compr-01.jpeg","contentUrl":"https:\/\/www.reformasdenia.site\/wp-content\/uploads\/2022\/01\/silvi-1-compr-01.jpeg","width":2048,"height":1537},{"@type":"WebPage","@id":"https:\/\/www.reformasdenia.site\/index.php\/proyecto-andres-munoz\/#webpage","url":"https:\/\/www.reformasdenia.site\/index.php\/proyecto-andres-munoz\/","name":"Proyecto Andr\u00e9s Mu\u00f1oz - Mi blog","isPartOf":{"@id":"https:\/\/www.reformasdenia.site\/#website"},"primaryImageOfPage":{"@id":"https:\/\/www.reformasdenia.site\/index.php\/proyecto-andres-munoz\/#primaryimage"},"datePublished":"2022-01-23T16:35:26+00:00","dateModified":"2022-02-07T22:13:56+00:00","breadcrumb":{"@id":"https:\/\/www.reformasdenia.site\/index.php\/proyecto-andres-munoz\/#breadcrumb"},"inLanguage":"en-US","potentialAction":[{"@type":"ReadAction","target":["https:\/\/www.reformasdenia.site\/index.php\/proyecto-andres-munoz\/"]}]},{"@type":"BreadcrumbList","@id":"https:\/\/www.reformasdenia.site\/index.php\/proyecto-andres-munoz\/#breadcrumb","itemListElement":[{"@type":"ListItem","position":1,"name":"Home","item":"https:\/\/www.reformasdenia.site\/"},{"@type":"ListItem","position":2,"name":"Proyecto Andr\u00e9s Mu\u00f1oz"}]}]}},"_links":{"self":[{"href":"https:\/\/www.reformasdenia.site\/index.php\/wp-json\/wp\/v2\/pages\/361","targetHints":{"allow":["GET"]}}],"collection":[{"href":"https:\/\/www.reformasdenia.site\/index.php\/wp-json\/wp\/v2\/pages"}],"about":[{"href":"https:\/\/www.reformasdenia.site\/index.php\/wp-json\/wp\/v2\/types\/page"}],"author":[{"embeddable":true,"href":"https:\/\/www.reformasdenia.site\/index.php\/wp-json\/wp\/v2\/users\/1"}],"replies":[{"embeddable":true,"href":"https:\/\/www.reformasdenia.site\/index.php\/wp-json\/wp\/v2\/comments?post=361"}],"version-history":[{"count":22,"href":"https:\/\/www.reformasdenia.site\/index.php\/wp-json\/wp\/v2\/pages\/361\/revisions"}],"predecessor-version":[{"id":1510,"href":"https:\/\/www.reformasdenia.site\/index.php\/wp-json\/wp\/v2\/pages\/361\/revisions\/1510"}],"wp:attachment":[{"href":"https:\/\/www.reformasdenia.site\/index.php\/wp-json\/wp\/v2\/media?parent=361"}],"curies":[{"name":"wp","href":"https:\/\/api.w.org\/{rel}","templated":true}]}}